{"id":7221,"date":"2025-07-03T12:45:01","date_gmt":"2025-07-03T15:45:01","guid":{"rendered":"https:\/\/sprj.org.br\/site\/?page_id=7221"},"modified":"2026-03-27T09:23:40","modified_gmt":"2026-03-27T12:23:40","slug":"login","status":"publish","type":"page","link":"https:\/\/sprj.org.br\/site\/login\/","title":{"rendered":"login"},"content":{"rendered":"\t\t<div data-elementor-type=\"wp-page\" data-elementor-id=\"7221\" class=\"elementor elementor-7221\" data-elementor-post-type=\"page\">\n\t\t\t\t<div class=\"elementor-element elementor-element-342b0d5 e-flex e-con-boxed e-con e-parent\" data-id=\"342b0d5\" data-element_type=\"container\" data-e-type=\"container\">\n\t\t\t\t\t<div class=\"e-con-inner\">\n\t\t<div class=\"elementor-element elementor-element-a6ea9b5 e-con-full e-flex e-con e-child\" data-id=\"a6ea9b5\" data-element_type=\"container\" data-e-type=\"container\" data-settings=\"{&quot;background_background&quot;:&quot;classic&quot;}\">\n\t\t\t\t<div class=\"elementor-element elementor-element-e707591 elementor-absolute elementor-widget elementor-widget-image\" data-id=\"e707591\" data-element_type=\"widget\" data-e-type=\"widget\" data-settings=\"{&quot;_position&quot;:&quot;absolute&quot;}\" data-widget_type=\"image.default\">\n\t\t\t\t<div class=\"elementor-widget-container\">\n\t\t\t\t\t\t\t\t\t\t\t\t\t\t\t<img decoding=\"async\" width=\"150\" height=\"150\" src=\"https:\/\/sprj.org.br\/site\/wp-content\/uploads\/2025\/04\/Grafismos-para-o-Landy_Prancheta-1-copia-8-150x150.png\" class=\"attachment-thumbnail size-thumbnail wp-image-5415\" alt=\"\" srcset=\"https:\/\/sprj.org.br\/site\/wp-content\/uploads\/2025\/04\/Grafismos-para-o-Landy_Prancheta-1-copia-8-150x150.png 150w, https:\/\/sprj.org.br\/site\/wp-content\/uploads\/2025\/04\/Grafismos-para-o-Landy_Prancheta-1-copia-8-300x300.png 300w, https:\/\/sprj.org.br\/site\/wp-content\/uploads\/2025\/04\/Grafismos-para-o-Landy_Prancheta-1-copia-8-1024x1024.png 1024w, https:\/\/sprj.org.br\/site\/wp-content\/uploads\/2025\/04\/Grafismos-para-o-Landy_Prancheta-1-copia-8-768x768.png 768w, https:\/\/sprj.org.br\/site\/wp-content\/uploads\/2025\/04\/Grafismos-para-o-Landy_Prancheta-1-copia-8-1536x1536.png 1536w, https:\/\/sprj.org.br\/site\/wp-content\/uploads\/2025\/04\/Grafismos-para-o-Landy_Prancheta-1-copia-8-2048x2048.png 2048w\" sizes=\"(max-width: 150px) 100vw, 150px\" \/>\t\t\t\t\t\t\t\t\t\t\t\t\t\t\t<\/div>\n\t\t\t\t<\/div>\n\t\t<div class=\"elementor-element elementor-element-b118aa7 e-con-full e-flex e-con e-child\" data-id=\"b118aa7\" data-element_type=\"container\" data-e-type=\"container\">\n\t\t\t\t<div class=\"elementor-element elementor-element-44ac85f elementor-widget elementor-widget-image\" data-id=\"44ac85f\" data-element_type=\"widget\" data-e-type=\"widget\" data-widget_type=\"image.default\">\n\t\t\t\t<div class=\"elementor-widget-container\">\n\t\t\t\t\t\t\t\t\t\t\t\t\t\t\t<img fetchpriority=\"high\" decoding=\"async\" width=\"290\" height=\"346\" src=\"https:\/\/sprj.org.br\/site\/wp-content\/uploads\/2025\/05\/Logo_70.jpg\" class=\"attachment-large size-large wp-image-6217\" alt=\"\" srcset=\"https:\/\/sprj.org.br\/site\/wp-content\/uploads\/2025\/05\/Logo_70.jpg 290w, https:\/\/sprj.org.br\/site\/wp-content\/uploads\/2025\/05\/Logo_70-251x300.jpg 251w\" sizes=\"(max-width: 290px) 100vw, 290px\" \/>\t\t\t\t\t\t\t\t\t\t\t\t\t\t\t<\/div>\n\t\t\t\t<\/div>\n\t\t\t\t<div class=\"elementor-element elementor-element-e661032 elementor-widget__width-initial elementor-widget elementor-widget-heading\" data-id=\"e661032\" data-element_type=\"widget\" data-e-type=\"widget\" data-widget_type=\"heading.default\">\n\t\t\t\t<div class=\"elementor-widget-container\">\n\t\t\t\t\t<h2 class=\"elementor-heading-title elementor-size-default\">\u00c1rea Restrita para Membros e  Candidatos da SPRJ<\/h2>\t\t\t\t<\/div>\n\t\t\t\t<\/div>\n\t\t\t\t<\/div>\n\t\t\t\t<div class=\"elementor-element elementor-element-4f1d898 elementor-widget elementor-widget-text-editor\" data-id=\"4f1d898\" data-element_type=\"widget\" data-e-type=\"widget\" data-widget_type=\"text-editor.default\">\n\t\t\t\t<div class=\"elementor-widget-container\">\n\t\t\t\t\t\t\t\t\t<p>Para ter acesso a \u00e1rea restrita de membros e candidatos, voc\u00ea precisa usar suas credenciais de acesso. Caso ainda n\u00e3o esteja cadastrado, <a href=\"https:\/\/www.sprj.org.br\/site\/cadastro\">clique aqui<\/a><\/p>\t\t\t\t\t\t\t\t<\/div>\n\t\t\t\t<\/div>\n\t\t\t\t<div class=\"elementor-element elementor-element-bb7522b elementor-button-align-stretch elementor-widget elementor-widget-login\" data-id=\"bb7522b\" data-element_type=\"widget\" data-e-type=\"widget\" data-widget_type=\"login.default\">\n\t\t\t\t<div class=\"elementor-widget-container\">\n\t\t\t\t\t\t\t<form class=\"elementor-login elementor-form\" method=\"post\" action=\"https:\/\/sprj.org.br\/site\/sprjrestrito\/\" aria-label=\"Formul\u00e1rio de login\">\n\t\t\t<input type=\"hidden\" name=\"redirect_to\" value=\"https:\/\/sprj.org.br\/site\/restrita\/\">\n\t\t\t<div class=\"elementor-form-fields-wrapper\">\n\t\t\t\t<div class=\"elementor-field-type-text elementor-field-group elementor-column elementor-col-100 elementor-field-required\">\n\t\t\t\t\t<label for=\"user-bb7522b\" class=\"elementor-field-label\">admsprj<\/label>\n\t\t\t\t\t<input size=\"1\" type=\"text\" name=\"log\" id=\"user-bb7522b\" placeholder=\"\" class=\"elementor-field elementor-field-textual elementor-size-md\">\n\t\t\t\t<\/div>\n\t\t\t\t<div class=\"elementor-field-type-text elementor-field-group elementor-column elementor-col-100 elementor-field-required\">\n\t\t\t\t\t<label for=\"password-bb7522b\" class=\"elementor-field-label\">Senha<\/label>\n\t\t\t\t\t<input size=\"1\" type=\"password\" name=\"pwd\" id=\"password-bb7522b\" placeholder=\"\" class=\"elementor-field elementor-field-textual elementor-size-md\">\n\t\t\t\t<\/div>\n\n\t\t\t\t\t\t\t\t\t<div class=\"elementor-field-type-checkbox elementor-field-group elementor-column elementor-col-100 elementor-remember-me\">\n\t\t\t\t\t\t<label for=\"elementor-login-remember-me\">\n\t\t\t\t\t\t\t<input type=\"checkbox\" id=\"elementor-login-remember-me\" name=\"rememberme\" value=\"forever\">\n\t\t\t\t\t\t\tLembrar-me\t\t\t\t\t\t<\/label>\n\t\t\t\t\t<\/div>\n\t\t\t\t\n\t\t\t\t<div class=\"elementor-field-group elementor-column elementor-field-type-submit elementor-col-100\">\n\t\t\t\t\t<button type=\"submit\" class=\"elementor-size-sm elementor-button\" name=\"wp-submit\">\n\t\t\t\t\t\t\t\t\t\t\t\t\t\t\t<span class=\"elementor-button-text\">Entrar<\/span>\n\t\t\t\t\t\t\t\t\t\t\t\t<\/button>\n\t\t\t\t<\/div>\n\n\t\t\t\t\t\t\t\t\t<div class=\"elementor-field-group elementor-column elementor-col-100\">\n\t\t\t\t\t\t\t\t\t\t\t\t\t\t\t\t\t\t\t\t<a class=\"elementor-lost-password\" href=\"https:\/\/sprj.org.br\/site\/sprjrestrito\/?action=lostpassword&redirect_to=https%3A%2F%2Fsprj.org.br%2Fsite%2Frestrita%2F\">\n\t\t\t\t\t\t\t\tEsqueceu sua senha?\t\t\t\t\t\t\t<\/a>\n\t\t\t\t\t\t\n\t\t\t\t\t\t\t\t\t\t\t<\/div>\n\t\t\t\t\t\t\t<\/div>\n\t\t<\/form>\n\t\t\t\t\t\t<\/div>\n\t\t\t\t<\/div>\n\t\t\t\t<\/div>\n\t\t\t\t\t<\/div>\n\t\t\t\t<\/div>\n\t\t\t\t<\/div>\n\t\t","protected":false},"excerpt":{"rendered":"<p>\u00c1rea Restrita para Membros e Candidatos da SPRJ Para ter acesso a \u00e1rea restrita de membros e candidatos, voc\u00ea precisa usar suas credenciais de acesso. Caso ainda n\u00e3o esteja cadastrado, clique aqui<\/p>\n","protected":false},"author":1,"featured_media":0,"parent":0,"menu_order":0,"comment_status":"closed","ping_status":"closed","template":"elementor_canvas","meta":{"_acf_changed":false,"generate_page_header":"","footnotes":""},"class_list":["post-7221","page","type-page","status-publish"],"acf":[],"_links":{"self":[{"href":"https:\/\/sprj.org.br\/site\/wp-json\/wp\/v2\/pages\/7221","targetHints":{"allow":["GET"]}}],"collection":[{"href":"https:\/\/sprj.org.br\/site\/wp-json\/wp\/v2\/pages"}],"about":[{"href":"https:\/\/sprj.org.br\/site\/wp-json\/wp\/v2\/types\/page"}],"author":[{"embeddable":true,"href":"https:\/\/sprj.org.br\/site\/wp-json\/wp\/v2\/users\/1"}],"replies":[{"embeddable":true,"href":"https:\/\/sprj.org.br\/site\/wp-json\/wp\/v2\/comments?post=7221"}],"version-history":[{"count":28,"href":"https:\/\/sprj.org.br\/site\/wp-json\/wp\/v2\/pages\/7221\/revisions"}],"predecessor-version":[{"id":8752,"href":"https:\/\/sprj.org.br\/site\/wp-json\/wp\/v2\/pages\/7221\/revisions\/8752"}],"wp:attachment":[{"href":"https:\/\/sprj.org.br\/site\/wp-json\/wp\/v2\/media?parent=7221"}],"curies":[{"name":"wp","href":"https:\/\/api.w.org\/{rel}","templated":true}]}}