{"id":6894,"date":"2025-06-01T14:49:02","date_gmt":"2025-06-01T17:49:02","guid":{"rendered":"https:\/\/sprj.org.br\/site\/?page_id=6894"},"modified":"2025-06-09T22:30:01","modified_gmt":"2025-06-10T01:30:01","slug":"contato","status":"publish","type":"page","link":"https:\/\/sprj.org.br\/site\/contato\/","title":{"rendered":"Contato"},"content":{"rendered":"\t\t<div data-elementor-type=\"wp-post\" data-elementor-id=\"6894\" class=\"elementor elementor-6894\" data-elementor-post-type=\"page\">\n\t\t\t\t<div class=\"elementor-element elementor-element-726f43a e-con-full e-flex e-con e-parent\" data-id=\"726f43a\" data-element_type=\"container\" data-e-type=\"container\">\n\t\t\t\t<div class=\"elementor-element elementor-element-03c1613 elementor-widget elementor-widget-template\" data-id=\"03c1613\" data-element_type=\"widget\" data-e-type=\"widget\" data-widget_type=\"template.default\">\n\t\t\t\t<div class=\"elementor-widget-container\">\n\t\t\t\t\t\t\t<div class=\"elementor-template\">\n\t\t\t\t\t<header data-elementor-type=\"header\" data-elementor-id=\"6216\" class=\"elementor elementor-6216\" data-elementor-post-type=\"elementor_library\">\n\t\t\t<div class=\"elementor-element elementor-element-3df69f3 e-con-full e-flex e-con e-parent\" data-id=\"3df69f3\" data-element_type=\"container\" data-e-type=\"container\" data-settings=\"{&quot;background_background&quot;:&quot;classic&quot;}\">\n\t\t\t\t<div class=\"elementor-element elementor-element-6b05ac2 elementor-widget__width-initial e-transform elementor-hidden-mobile elementor-hidden-tablet elementor-widget elementor-widget-image\" data-id=\"6b05ac2\" data-element_type=\"widget\" data-e-type=\"widget\" data-settings=\"{&quot;_transform_translateX_effect&quot;:{&quot;unit&quot;:&quot;px&quot;,&quot;size&quot;:-40,&quot;sizes&quot;:[]},&quot;_transform_translateY_effect&quot;:{&quot;unit&quot;:&quot;px&quot;,&quot;size&quot;:16,&quot;sizes&quot;:[]},&quot;_transform_translateX_effect_tablet&quot;:{&quot;unit&quot;:&quot;px&quot;,&quot;size&quot;:&quot;&quot;,&quot;sizes&quot;:[]},&quot;_transform_translateX_effect_mobile&quot;:{&quot;unit&quot;:&quot;px&quot;,&quot;size&quot;:&quot;&quot;,&quot;sizes&quot;:[]},&quot;_transform_translateY_effect_tablet&quot;:{&quot;unit&quot;:&quot;px&quot;,&quot;size&quot;:&quot;&quot;,&quot;sizes&quot;:[]},&quot;_transform_translateY_effect_mobile&quot;:{&quot;unit&quot;:&quot;px&quot;,&quot;size&quot;:&quot;&quot;,&quot;sizes&quot;:[]}}\" data-widget_type=\"image.default\">\n\t\t\t\t<div class=\"elementor-widget-container\">\n\t\t\t\t\t\t\t\t\t\t\t\t\t\t\t<img fetchpriority=\"high\" decoding=\"async\" width=\"300\" height=\"300\" src=\"https:\/\/sprj.org.br\/site\/wp-content\/uploads\/2025\/04\/Grafismos-para-o-Landy_Prancheta-1-copia-3-300x300.png\" class=\"attachment-medium size-medium wp-image-5438\" alt=\"\" srcset=\"https:\/\/sprj.org.br\/site\/wp-content\/uploads\/2025\/04\/Grafismos-para-o-Landy_Prancheta-1-copia-3-300x300.png 300w, https:\/\/sprj.org.br\/site\/wp-content\/uploads\/2025\/04\/Grafismos-para-o-Landy_Prancheta-1-copia-3-1024x1024.png 1024w, https:\/\/sprj.org.br\/site\/wp-content\/uploads\/2025\/04\/Grafismos-para-o-Landy_Prancheta-1-copia-3-150x150.png 150w, https:\/\/sprj.org.br\/site\/wp-content\/uploads\/2025\/04\/Grafismos-para-o-Landy_Prancheta-1-copia-3-768x768.png 768w, https:\/\/sprj.org.br\/site\/wp-content\/uploads\/2025\/04\/Grafismos-para-o-Landy_Prancheta-1-copia-3-1536x1536.png 1536w, https:\/\/sprj.org.br\/site\/wp-content\/uploads\/2025\/04\/Grafismos-para-o-Landy_Prancheta-1-copia-3-2048x2048.png 2048w, https:\/\/sprj.org.br\/site\/wp-content\/uploads\/2025\/04\/elementor\/thumbs\/Grafismos-para-o-Landy_Prancheta-1-copia-3-r4g67ncpptcf7naabi7eevoriz03cfzm9gedmn6wnk.png 200w\" sizes=\"(max-width: 300px) 100vw, 300px\" \/>\t\t\t\t\t\t\t\t\t\t\t\t\t\t\t<\/div>\n\t\t\t\t<\/div>\n\t\t\t\t<div class=\"elementor-element elementor-element-a1b8091 elementor-widget__width-initial elementor-absolute elementor-widget elementor-widget-image\" data-id=\"a1b8091\" data-element_type=\"widget\" data-e-type=\"widget\" data-settings=\"{&quot;_position&quot;:&quot;absolute&quot;}\" data-widget_type=\"image.default\">\n\t\t\t\t<div class=\"elementor-widget-container\">\n\t\t\t\t\t\t\t\t\t\t\t\t\t\t\t<img decoding=\"async\" width=\"300\" height=\"300\" src=\"https:\/\/sprj.org.br\/site\/wp-content\/uploads\/2025\/05\/cropped-Logo_70-300x300.jpg\" class=\"attachment-medium size-medium wp-image-8072\" alt=\"\" srcset=\"https:\/\/sprj.org.br\/site\/wp-content\/uploads\/2025\/05\/cropped-Logo_70-300x300.jpg 300w, https:\/\/sprj.org.br\/site\/wp-content\/uploads\/2025\/05\/cropped-Logo_70-150x150.jpg 150w, https:\/\/sprj.org.br\/site\/wp-content\/uploads\/2025\/05\/cropped-Logo_70-270x270.jpg 270w, https:\/\/sprj.org.br\/site\/wp-content\/uploads\/2025\/05\/cropped-Logo_70-192x192.jpg 192w, https:\/\/sprj.org.br\/site\/wp-content\/uploads\/2025\/05\/cropped-Logo_70-180x180.jpg 180w, https:\/\/sprj.org.br\/site\/wp-content\/uploads\/2025\/05\/cropped-Logo_70-32x32.jpg 32w, https:\/\/sprj.org.br\/site\/wp-content\/uploads\/2025\/05\/cropped-Logo_70.jpg 512w\" sizes=\"(max-width: 300px) 100vw, 300px\" \/>\t\t\t\t\t\t\t\t\t\t\t\t\t\t\t<\/div>\n\t\t\t\t<\/div>\n\t\t\t\t<div class=\"elementor-element elementor-element-a878abe elementor-nav-menu__align-justify elementor-absolute elementor-nav-menu--dropdown-mobile elementor-widget__width-initial elementor-nav-menu__text-align-aside elementor-nav-menu--toggle elementor-nav-menu--burger elementor-widget elementor-widget-nav-menu\" data-id=\"a878abe\" data-element_type=\"widget\" data-e-type=\"widget\" data-settings=\"{&quot;_position&quot;:&quot;absolute&quot;,&quot;layout&quot;:&quot;horizontal&quot;,&quot;submenu_icon&quot;:{&quot;value&quot;:&quot;&lt;i class=\\&quot;fas fa-caret-down\\&quot; aria-hidden=\\&quot;true\\&quot;&gt;&lt;\\\/i&gt;&quot;,&quot;library&quot;:&quot;fa-solid&quot;},&quot;toggle&quot;:&quot;burger&quot;}\" data-widget_type=\"nav-menu.default\">\n\t\t\t\t<div class=\"elementor-widget-container\">\n\t\t\t\t\t\t\t\t<nav aria-label=\"Menu\" class=\"elementor-nav-menu--main elementor-nav-menu__container elementor-nav-menu--layout-horizontal e--pointer-double-line e--animation-fade\">\n\t\t\t\t<ul id=\"menu-1-a878abe\" class=\"elementor-nav-menu\"><li class=\"menu-item menu-item-type-post_type menu-item-object-page menu-item-home menu-item-6376\"><a href=\"https:\/\/sprj.org.br\/site\/\" class=\"elementor-item\">Home<\/a><\/li>\n<li class=\"menu-item menu-item-type-post_type menu-item-object-page menu-item-5738\"><a href=\"https:\/\/sprj.org.br\/site\/formpsi\/\" class=\"elementor-item\">Forma\u00e7\u00e3o Psicanal\u00edtica<\/a><\/li>\n<li class=\"menu-item menu-item-type-post_type menu-item-object-page menu-item-has-children menu-item-6364\"><a href=\"https:\/\/sprj.org.br\/site\/atividades\/\" class=\"elementor-item\">Atividades Cient\u00edficas<\/a>\n<ul class=\"sub-menu elementor-nav-menu--dropdown\">\n\t<li class=\"menu-item menu-item-type-custom menu-item-object-custom menu-item-6910\"><a href=\"#comcultura\" class=\"elementor-sub-item elementor-item-anchor\">Comunidade e Cultura<\/a><\/li>\n\t<li class=\"menu-item menu-item-type-custom menu-item-object-custom menu-item-6911\"><a href=\"#psiarte\" class=\"elementor-sub-item elementor-item-anchor\">\u2060Psican\u00e1lise e Arte<\/a><\/li>\n\t<li class=\"menu-item menu-item-type-custom menu-item-object-custom menu-item-6912\"><a href=\"#tatame\" class=\"elementor-sub-item elementor-item-anchor\">Livros no Tatame<\/a><\/li>\n\t<li class=\"menu-item menu-item-type-custom menu-item-object-custom menu-item-7210\"><a href=\"#grupos\" class=\"elementor-sub-item elementor-item-anchor\">Grupos de Estudos da SPRJ<\/a><\/li>\n<\/ul>\n<\/li>\n<li class=\"menu-item menu-item-type-post_type menu-item-object-page menu-item-5566\"><a href=\"https:\/\/sprj.org.br\/site\/linhas_teoricas\/\" class=\"elementor-item\">Linhas Te\u00f3ricas<\/a><\/li>\n<li class=\"menu-item menu-item-type-custom menu-item-object-custom menu-item-6870\"><a href=\"#revista\" class=\"elementor-item elementor-item-anchor\">Revista Psicanal\u00edtica<\/a><\/li>\n<li class=\"menu-item menu-item-type-custom menu-item-object-custom menu-item-has-children menu-item-6718\"><a href=\"#clinica\" class=\"elementor-item elementor-item-anchor\">Cl\u00ednica Social<\/a>\n<ul class=\"sub-menu elementor-nav-menu--dropdown\">\n\t<li class=\"menu-item menu-item-type-custom menu-item-object-custom menu-item-6727\"><a href=\"#mentes\" class=\"elementor-sub-item elementor-item-anchor\">Mentes da Mar\u00e9<\/a><\/li>\n<\/ul>\n<\/li>\n<li class=\"menu-item menu-item-type-post_type menu-item-object-page menu-item-has-children menu-item-6716\"><a href=\"https:\/\/sprj.org.br\/site\/members\/\" class=\"elementor-item\">Membros<\/a>\n<ul class=\"sub-menu elementor-nav-menu--dropdown\">\n\t<li class=\"menu-item menu-item-type-custom menu-item-object-custom menu-item-7962\"><a href=\"https:\/\/sprj.org.br\/site\/login\/\" class=\"elementor-sub-item\">\u00c1rea Restrita<\/a><\/li>\n<\/ul>\n<\/li>\n<li class=\"menu-item menu-item-type-post_type menu-item-object-page menu-item-has-children menu-item-5737\"><a href=\"https:\/\/sprj.org.br\/site\/library\/\" class=\"elementor-item\">Biblioteca<\/a>\n<ul class=\"sub-menu elementor-nav-menu--dropdown\">\n\t<li class=\"menu-item menu-item-type-custom menu-item-object-custom menu-item-6871\"><a href=\"#historia\" class=\"elementor-sub-item elementor-item-anchor\">Hist\u00f3ria SPRJ<\/a><\/li>\n\t<li class=\"menu-item menu-item-type-post_type menu-item-object-page menu-item-6407\"><a href=\"https:\/\/sprj.org.br\/site\/psi_pioneioras\/\" class=\"elementor-sub-item\">As Pioneiras<\/a><\/li>\n<\/ul>\n<\/li>\n<\/ul>\t\t\t<\/nav>\n\t\t\t\t\t<div class=\"elementor-menu-toggle\" role=\"button\" tabindex=\"0\" aria-label=\"Alternar menu\" aria-expanded=\"false\">\n\t\t\t<i aria-hidden=\"true\" role=\"presentation\" class=\"elementor-menu-toggle__icon--open eicon-menu-bar\"><\/i><i aria-hidden=\"true\" role=\"presentation\" class=\"elementor-menu-toggle__icon--close eicon-close\"><\/i>\t\t<\/div>\n\t\t\t\t\t<nav class=\"elementor-nav-menu--dropdown elementor-nav-menu__container\" aria-hidden=\"true\">\n\t\t\t\t<ul id=\"menu-2-a878abe\" class=\"elementor-nav-menu\"><li class=\"menu-item menu-item-type-post_type menu-item-object-page menu-item-home menu-item-6376\"><a href=\"https:\/\/sprj.org.br\/site\/\" class=\"elementor-item\" tabindex=\"-1\">Home<\/a><\/li>\n<li class=\"menu-item menu-item-type-post_type menu-item-object-page menu-item-5738\"><a href=\"https:\/\/sprj.org.br\/site\/formpsi\/\" class=\"elementor-item\" tabindex=\"-1\">Forma\u00e7\u00e3o Psicanal\u00edtica<\/a><\/li>\n<li class=\"menu-item menu-item-type-post_type menu-item-object-page menu-item-has-children menu-item-6364\"><a href=\"https:\/\/sprj.org.br\/site\/atividades\/\" class=\"elementor-item\" tabindex=\"-1\">Atividades Cient\u00edficas<\/a>\n<ul class=\"sub-menu elementor-nav-menu--dropdown\">\n\t<li class=\"menu-item menu-item-type-custom menu-item-object-custom menu-item-6910\"><a href=\"#comcultura\" class=\"elementor-sub-item elementor-item-anchor\" tabindex=\"-1\">Comunidade e Cultura<\/a><\/li>\n\t<li class=\"menu-item menu-item-type-custom menu-item-object-custom menu-item-6911\"><a href=\"#psiarte\" class=\"elementor-sub-item elementor-item-anchor\" tabindex=\"-1\">\u2060Psican\u00e1lise e Arte<\/a><\/li>\n\t<li class=\"menu-item menu-item-type-custom menu-item-object-custom menu-item-6912\"><a href=\"#tatame\" class=\"elementor-sub-item elementor-item-anchor\" tabindex=\"-1\">Livros no Tatame<\/a><\/li>\n\t<li class=\"menu-item menu-item-type-custom menu-item-object-custom menu-item-7210\"><a href=\"#grupos\" class=\"elementor-sub-item elementor-item-anchor\" tabindex=\"-1\">Grupos de Estudos da SPRJ<\/a><\/li>\n<\/ul>\n<\/li>\n<li class=\"menu-item menu-item-type-post_type menu-item-object-page menu-item-5566\"><a href=\"https:\/\/sprj.org.br\/site\/linhas_teoricas\/\" class=\"elementor-item\" tabindex=\"-1\">Linhas Te\u00f3ricas<\/a><\/li>\n<li class=\"menu-item menu-item-type-custom menu-item-object-custom menu-item-6870\"><a href=\"#revista\" class=\"elementor-item elementor-item-anchor\" tabindex=\"-1\">Revista Psicanal\u00edtica<\/a><\/li>\n<li class=\"menu-item menu-item-type-custom menu-item-object-custom menu-item-has-children menu-item-6718\"><a href=\"#clinica\" class=\"elementor-item elementor-item-anchor\" tabindex=\"-1\">Cl\u00ednica Social<\/a>\n<ul class=\"sub-menu elementor-nav-menu--dropdown\">\n\t<li class=\"menu-item menu-item-type-custom menu-item-object-custom menu-item-6727\"><a href=\"#mentes\" class=\"elementor-sub-item elementor-item-anchor\" tabindex=\"-1\">Mentes da Mar\u00e9<\/a><\/li>\n<\/ul>\n<\/li>\n<li class=\"menu-item menu-item-type-post_type menu-item-object-page menu-item-has-children menu-item-6716\"><a href=\"https:\/\/sprj.org.br\/site\/members\/\" class=\"elementor-item\" tabindex=\"-1\">Membros<\/a>\n<ul class=\"sub-menu elementor-nav-menu--dropdown\">\n\t<li class=\"menu-item menu-item-type-custom menu-item-object-custom menu-item-7962\"><a href=\"https:\/\/sprj.org.br\/site\/login\/\" class=\"elementor-sub-item\" tabindex=\"-1\">\u00c1rea Restrita<\/a><\/li>\n<\/ul>\n<\/li>\n<li class=\"menu-item menu-item-type-post_type menu-item-object-page menu-item-has-children menu-item-5737\"><a href=\"https:\/\/sprj.org.br\/site\/library\/\" class=\"elementor-item\" tabindex=\"-1\">Biblioteca<\/a>\n<ul class=\"sub-menu elementor-nav-menu--dropdown\">\n\t<li class=\"menu-item menu-item-type-custom menu-item-object-custom menu-item-6871\"><a href=\"#historia\" class=\"elementor-sub-item elementor-item-anchor\" tabindex=\"-1\">Hist\u00f3ria SPRJ<\/a><\/li>\n\t<li class=\"menu-item menu-item-type-post_type menu-item-object-page menu-item-6407\"><a href=\"https:\/\/sprj.org.br\/site\/psi_pioneioras\/\" class=\"elementor-sub-item\" tabindex=\"-1\">As Pioneiras<\/a><\/li>\n<\/ul>\n<\/li>\n<\/ul>\t\t\t<\/nav>\n\t\t\t\t\t\t<\/div>\n\t\t\t\t<\/div>\n\t\t\t\t<div class=\"elementor-element elementor-element-5e93dd2 elementor-widget__width-initial e-transform elementor-hidden-tablet elementor-hidden-mobile elementor-widget elementor-widget-image\" data-id=\"5e93dd2\" data-element_type=\"widget\" data-e-type=\"widget\" data-settings=\"{&quot;_transform_translateX_effect&quot;:{&quot;unit&quot;:&quot;px&quot;,&quot;size&quot;:22,&quot;sizes&quot;:[]},&quot;_transform_translateY_effect&quot;:{&quot;unit&quot;:&quot;px&quot;,&quot;size&quot;:-14,&quot;sizes&quot;:[]},&quot;_transform_translateX_effect_tablet&quot;:{&quot;unit&quot;:&quot;px&quot;,&quot;size&quot;:&quot;&quot;,&quot;sizes&quot;:[]},&quot;_transform_translateX_effect_mobile&quot;:{&quot;unit&quot;:&quot;px&quot;,&quot;size&quot;:&quot;&quot;,&quot;sizes&quot;:[]},&quot;_transform_translateY_effect_tablet&quot;:{&quot;unit&quot;:&quot;px&quot;,&quot;size&quot;:&quot;&quot;,&quot;sizes&quot;:[]},&quot;_transform_translateY_effect_mobile&quot;:{&quot;unit&quot;:&quot;px&quot;,&quot;size&quot;:&quot;&quot;,&quot;sizes&quot;:[]}}\" data-widget_type=\"image.default\">\n\t\t\t\t<div class=\"elementor-widget-container\">\n\t\t\t\t\t\t\t\t\t\t\t\t\t\t\t<img decoding=\"async\" width=\"150\" height=\"150\" src=\"https:\/\/sprj.org.br\/site\/wp-content\/uploads\/2025\/04\/Grafismos-para-o-Landy_Prancheta-1-150x150.png\" class=\"attachment-thumbnail size-thumbnail wp-image-5395\" alt=\"\" srcset=\"https:\/\/sprj.org.br\/site\/wp-content\/uploads\/2025\/04\/Grafismos-para-o-Landy_Prancheta-1-150x150.png 150w, https:\/\/sprj.org.br\/site\/wp-content\/uploads\/2025\/04\/Grafismos-para-o-Landy_Prancheta-1-300x300.png 300w, https:\/\/sprj.org.br\/site\/wp-content\/uploads\/2025\/04\/Grafismos-para-o-Landy_Prancheta-1-1024x1024.png 1024w, https:\/\/sprj.org.br\/site\/wp-content\/uploads\/2025\/04\/Grafismos-para-o-Landy_Prancheta-1-768x768.png 768w, https:\/\/sprj.org.br\/site\/wp-content\/uploads\/2025\/04\/Grafismos-para-o-Landy_Prancheta-1-1536x1536.png 1536w, https:\/\/sprj.org.br\/site\/wp-content\/uploads\/2025\/04\/Grafismos-para-o-Landy_Prancheta-1-2048x2048.png 2048w\" sizes=\"(max-width: 150px) 100vw, 150px\" \/>\t\t\t\t\t\t\t\t\t\t\t\t\t\t\t<\/div>\n\t\t\t\t<\/div>\n\t\t\t\t<\/div>\n\t\t\t\t<\/header>\n\t\t\t\t<\/div>\n\t\t\t\t\t\t<\/div>\n\t\t\t\t<\/div>\n\t\t\t\t<\/div>\n\t\t<div class=\"elementor-element elementor-element-1f3c19e e-flex e-con-boxed e-con e-parent\" data-id=\"1f3c19e\" data-element_type=\"container\" data-e-type=\"container\" data-settings=\"{&quot;background_background&quot;:&quot;classic&quot;}\">\n\t\t\t\t\t<div class=\"e-con-inner\">\n\t\t<div class=\"elementor-element elementor-element-96c4902 e-flex e-con-boxed e-con e-child\" data-id=\"96c4902\" data-element_type=\"container\" data-e-type=\"container\" data-settings=\"{&quot;background_background&quot;:&quot;classic&quot;}\">\n\t\t\t\t\t<div class=\"e-con-inner\">\n\t\t\t\t<div class=\"elementor-element elementor-element-f224657 elementor-widget elementor-widget-heading\" data-id=\"f224657\" data-element_type=\"widget\" data-e-type=\"widget\" data-widget_type=\"heading.default\">\n\t\t\t\t<div class=\"elementor-widget-container\">\n\t\t\t\t\t<h2 class=\"elementor-heading-title elementor-size-default\">Fale Conosco<\/h2>\t\t\t\t<\/div>\n\t\t\t\t<\/div>\n\t\t\t\t<div class=\"elementor-element elementor-element-977fb97 elementor-widget elementor-widget-shortcode\" data-id=\"977fb97\" data-element_type=\"widget\" data-e-type=\"widget\" data-widget_type=\"shortcode.default\">\n\t\t\t\t<div class=\"elementor-widget-container\">\n\t\t\t\t\t\t\t<div class=\"elementor-shortcode\">\n<div class=\"wpcf7 no-js\" id=\"wpcf7-f2330-o1\" lang=\"pt-BR\" dir=\"ltr\" data-wpcf7-id=\"2330\">\n<div class=\"screen-reader-response\"><p role=\"status\" aria-live=\"polite\" aria-atomic=\"true\"><\/p> <ul><\/ul><\/div>\n<form action=\"\/site\/wp-json\/wp\/v2\/pages\/6894#wpcf7-f2330-o1\" method=\"post\" class=\"wpcf7-form init\" aria-label=\"Formul\u00e1rios de contato\" novalidate=\"novalidate\" data-status=\"init\">\n<fieldset class=\"hidden-fields-container\"><input type=\"hidden\" name=\"_wpcf7\" value=\"2330\" \/><input type=\"hidden\" name=\"_wpcf7_version\" value=\"6.1.5\" \/><input type=\"hidden\" name=\"_wpcf7_locale\" value=\"pt_BR\" \/><input type=\"hidden\" name=\"_wpcf7_unit_tag\" value=\"wpcf7-f2330-o1\" \/><input type=\"hidden\" name=\"_wpcf7_container_post\" value=\"0\" \/><input type=\"hidden\" name=\"_wpcf7_posted_data_hash\" value=\"\" \/>\n<\/fieldset>\n<p><label> Seu nome (obrigat\u00f3rio)<br \/>\n<span class=\"wpcf7-form-control-wrap\" data-name=\"your-name\"><input size=\"40\" maxlength=\"400\" class=\"wpcf7-form-control wpcf7-text wpcf7-validates-as-required\" aria-required=\"true\" aria-invalid=\"false\" value=\"\" type=\"text\" name=\"your-name\" \/><\/span> <\/label>\n<\/p>\n<p><label> Seu e-mail (obrigat\u00f3rio)<br \/>\n<span class=\"wpcf7-form-control-wrap\" data-name=\"your-email\"><input size=\"40\" maxlength=\"400\" class=\"wpcf7-form-control wpcf7-email wpcf7-validates-as-required wpcf7-text wpcf7-validates-as-email\" aria-required=\"true\" aria-invalid=\"false\" value=\"\" type=\"email\" name=\"your-email\" \/><\/span> <\/label>\n<\/p>\n<p><label> Assunto<br \/>\n<span class=\"wpcf7-form-control-wrap\" data-name=\"your-subject\"><input size=\"40\" maxlength=\"400\" class=\"wpcf7-form-control wpcf7-text\" aria-invalid=\"false\" value=\"\" type=\"text\" name=\"your-subject\" \/><\/span> <\/label>\n<\/p>\n<p><label> Sua mensagem<br \/>\n<span class=\"wpcf7-form-control-wrap\" data-name=\"your-message\"><textarea cols=\"40\" rows=\"10\" maxlength=\"2000\" class=\"wpcf7-form-control wpcf7-textarea\" aria-invalid=\"false\" name=\"your-message\"><\/textarea><\/span> <\/label>\n<\/p>\n<p><input class=\"wpcf7-form-control wpcf7-submit has-spinner\" type=\"submit\" value=\"Enviar\" \/>\n<\/p><div class=\"wpcf7-response-output\" aria-hidden=\"true\"><\/div>\n<\/form>\n<\/div>\n<\/div>\n\t\t\t\t\t\t<\/div>\n\t\t\t\t<\/div>\n\t\t\t\t<div class=\"elementor-element elementor-element-86b6f07 elementor-widget__width-initial elementor-absolute e-transform e-transform elementor-invisible elementor-widget elementor-widget-image\" data-id=\"86b6f07\" data-element_type=\"widget\" data-e-type=\"widget\" data-settings=\"{&quot;_position&quot;:&quot;absolute&quot;,&quot;_animation&quot;:&quot;fadeInLeft&quot;,&quot;_animation_delay&quot;:0.5,&quot;_transform_translateX_effect&quot;:{&quot;unit&quot;:&quot;%&quot;,&quot;size&quot;:-1,&quot;sizes&quot;:[]},&quot;_transform_translateX_effect_tablet&quot;:{&quot;unit&quot;:&quot;vw&quot;,&quot;size&quot;:&quot;&quot;,&quot;sizes&quot;:[]},&quot;_transform_translateX_effect_mobile&quot;:{&quot;unit&quot;:&quot;vw&quot;,&quot;size&quot;:&quot;&quot;,&quot;sizes&quot;:[]},&quot;_transform_translateY_effect&quot;:{&quot;unit&quot;:&quot;%&quot;,&quot;size&quot;:-56,&quot;sizes&quot;:[]},&quot;_transform_translateY_effect_tablet&quot;:{&quot;unit&quot;:&quot;vh&quot;,&quot;size&quot;:&quot;&quot;,&quot;sizes&quot;:[]},&quot;_transform_translateY_effect_mobile&quot;:{&quot;unit&quot;:&quot;vh&quot;,&quot;size&quot;:&quot;&quot;,&quot;sizes&quot;:[]},&quot;_transform_rotateZ_effect&quot;:{&quot;unit&quot;:&quot;px&quot;,&quot;size&quot;:90,&quot;sizes&quot;:[]},&quot;_transform_rotateZ_effect_tablet&quot;:{&quot;unit&quot;:&quot;deg&quot;,&quot;size&quot;:&quot;&quot;,&quot;sizes&quot;:[]},&quot;_transform_rotateZ_effect_mobile&quot;:{&quot;unit&quot;:&quot;deg&quot;,&quot;size&quot;:&quot;&quot;,&quot;sizes&quot;:[]}}\" data-widget_type=\"image.default\">\n\t\t\t\t<div class=\"elementor-widget-container\">\n\t\t\t\t\t\t\t\t\t\t\t\t\t\t\t<img loading=\"lazy\" decoding=\"async\" width=\"300\" height=\"300\" src=\"https:\/\/sprj.org.br\/site\/wp-content\/uploads\/2025\/04\/Grafismos-para-o-Landy_Prancheta-1-copia-8-300x300.png\" class=\"attachment-medium size-medium wp-image-5415\" alt=\"\" srcset=\"https:\/\/sprj.org.br\/site\/wp-content\/uploads\/2025\/04\/Grafismos-para-o-Landy_Prancheta-1-copia-8-300x300.png 300w, https:\/\/sprj.org.br\/site\/wp-content\/uploads\/2025\/04\/Grafismos-para-o-Landy_Prancheta-1-copia-8-1024x1024.png 1024w, https:\/\/sprj.org.br\/site\/wp-content\/uploads\/2025\/04\/Grafismos-para-o-Landy_Prancheta-1-copia-8-150x150.png 150w, https:\/\/sprj.org.br\/site\/wp-content\/uploads\/2025\/04\/Grafismos-para-o-Landy_Prancheta-1-copia-8-768x768.png 768w, https:\/\/sprj.org.br\/site\/wp-content\/uploads\/2025\/04\/Grafismos-para-o-Landy_Prancheta-1-copia-8-1536x1536.png 1536w, https:\/\/sprj.org.br\/site\/wp-content\/uploads\/2025\/04\/Grafismos-para-o-Landy_Prancheta-1-copia-8-2048x2048.png 2048w\" sizes=\"(max-width: 300px) 100vw, 300px\" \/>\t\t\t\t\t\t\t\t\t\t\t\t\t\t\t<\/div>\n\t\t\t\t<\/div>\n\t\t\t\t\t<\/div>\n\t\t\t\t<\/div>\n\t\t\t\t\t<\/div>\n\t\t\t\t<\/div>\n\t\t\t\t<\/div>\n\t\t","protected":false},"excerpt":{"rendered":"<p>Fale Conosco<\/p>\n","protected":false},"author":1,"featured_media":0,"parent":0,"menu_order":0,"comment_status":"closed","ping_status":"closed","template":"elementor_canvas","meta":{"_acf_changed":false,"generate_page_header":"","footnotes":""},"class_list":["post-6894","page","type-page","status-publish"],"acf":[],"_links":{"self":[{"href":"https:\/\/sprj.org.br\/site\/wp-json\/wp\/v2\/pages\/6894","targetHints":{"allow":["GET"]}}],"collection":[{"href":"https:\/\/sprj.org.br\/site\/wp-json\/wp\/v2\/pages"}],"about":[{"href":"https:\/\/sprj.org.br\/site\/wp-json\/wp\/v2\/types\/page"}],"author":[{"embeddable":true,"href":"https:\/\/sprj.org.br\/site\/wp-json\/wp\/v2\/users\/1"}],"replies":[{"embeddable":true,"href":"https:\/\/sprj.org.br\/site\/wp-json\/wp\/v2\/comments?post=6894"}],"version-history":[{"count":7,"href":"https:\/\/sprj.org.br\/site\/wp-json\/wp\/v2\/pages\/6894\/revisions"}],"predecessor-version":[{"id":6973,"href":"https:\/\/sprj.org.br\/site\/wp-json\/wp\/v2\/pages\/6894\/revisions\/6973"}],"wp:attachment":[{"href":"https:\/\/sprj.org.br\/site\/wp-json\/wp\/v2\/media?parent=6894"}],"curies":[{"name":"wp","href":"https:\/\/api.w.org\/{rel}","templated":true}]}}