{"id":3239,"date":"2021-01-18T12:41:26","date_gmt":"2021-01-18T14:41:26","guid":{"rendered":"http:\/\/sprj.org.br\/site\/?page_id=3239"},"modified":"2021-01-19T16:13:06","modified_gmt":"2021-01-19T18:13:06","slug":"revista","status":"publish","type":"page","link":"https:\/\/sprj.org.br\/site\/revista\/","title":{"rendered":"Revista"},"content":{"rendered":"\t\t<div data-elementor-type=\"wp-page\" data-elementor-id=\"3239\" class=\"elementor elementor-3239\" data-elementor-post-type=\"page\">\n\t\t\t\t\t\t<section class=\"elementor-section elementor-top-section elementor-element elementor-element-ccbe55c elementor-section-boxed elementor-section-height-default elementor-section-height-default\" data-id=\"ccbe55c\" data-element_type=\"section\" data-e-type=\"section\">\n\t\t\t\t\t\t<div class=\"elementor-container elementor-column-gap-default\">\n\t\t\t\t\t<div class=\"elementor-column elementor-col-50 elementor-top-column elementor-element elementor-element-b3e7720\" data-id=\"b3e7720\" data-element_type=\"column\" data-e-type=\"column\">\n\t\t\t<div class=\"elementor-widget-wrap elementor-element-populated\">\n\t\t\t\t\t\t<div class=\"elementor-element elementor-element-dd279a7 elementor-widget elementor-widget-text-editor\" data-id=\"dd279a7\" data-element_type=\"widget\" data-e-type=\"widget\" data-widget_type=\"text-editor.default\">\n\t\t\t\t<div class=\"elementor-widget-container\">\n\t\t\t\t\t\t\t\t\t<p style=\"text-align: justify;\">\u00c9 com muita satisfa\u00e7\u00e3o que iniciamos este ano de 2021 disponibilizando a nova edi\u00e7\u00e3o da Revista Psicanal\u00edtica &#8211; \u00d3rg\u00e3o Oficial da Sociedade Psicanal\u00edtica do Rio de Janeiro, com o tema DISSEMINA\u00c7\u00d5ES. Organizada com o intuito de buscar caminhos e ferramentas atrav\u00e9s do conhecimento psicanal\u00edtico para o enfrentamento desta pandemia. Fruto de uma Sociedade viva, que se mostra produtiva e pensante em um momento t\u00e3o delicado. Acesse o link e adquira logo a sua.<\/p><p style=\"text-align: center;\"><em><span style=\"font-size: 14pt;\"><strong>Clique na imagem ao lado para acessar a vers\u00e3o resumida.<\/strong><\/span><\/em><\/p>\t\t\t\t\t\t\t\t<\/div>\n\t\t\t\t<\/div>\n\t\t\t\t\t<\/div>\n\t\t<\/div>\n\t\t\t\t<div class=\"elementor-column elementor-col-50 elementor-top-column elementor-element elementor-element-5057fa5\" data-id=\"5057fa5\" data-element_type=\"column\" data-e-type=\"column\">\n\t\t\t<div class=\"elementor-widget-wrap elementor-element-populated\">\n\t\t\t\t\t\t<div class=\"elementor-element elementor-element-08d37f0 elementor-widget elementor-widget-image\" data-id=\"08d37f0\" data-element_type=\"widget\" data-e-type=\"widget\" data-widget_type=\"image.default\">\n\t\t\t\t<div class=\"elementor-widget-container\">\n\t\t\t\t\t\t\t\t\t\t\t\t\t\t\t\t<a href=\"http:\/\/sprj.org.br\/revista\/versaoreduzida.pdf\">\n\t\t\t\t\t\t\t<img fetchpriority=\"high\" decoding=\"async\" width=\"712\" height=\"1024\" src=\"https:\/\/sprj.org.br\/site\/wp-content\/uploads\/2021\/01\/Versa\u0303o-Reduzida_Pagina_01-712x1024.png\" class=\"attachment-large size-large wp-image-3253\" alt=\"\" srcset=\"https:\/\/sprj.org.br\/site\/wp-content\/uploads\/2021\/01\/Versa\u0303o-Reduzida_Pagina_01-712x1024.png 712w, https:\/\/sprj.org.br\/site\/wp-content\/uploads\/2021\/01\/Versa\u0303o-Reduzida_Pagina_01-209x300.png 209w, https:\/\/sprj.org.br\/site\/wp-content\/uploads\/2021\/01\/Versa\u0303o-Reduzida_Pagina_01-768x1104.png 768w, https:\/\/sprj.org.br\/site\/wp-content\/uploads\/2021\/01\/Versa\u0303o-Reduzida_Pagina_01-1069x1536.png 1069w, https:\/\/sprj.org.br\/site\/wp-content\/uploads\/2021\/01\/Versa\u0303o-Reduzida_Pagina_01.png 1399w\" sizes=\"(max-width: 712px) 100vw, 712px\" \/>\t\t\t\t\t\t\t\t<\/a>\n\t\t\t\t\t\t\t\t\t\t\t\t\t\t\t<\/div>\n\t\t\t\t<\/div>\n\t\t\t\t\t<\/div>\n\t\t<\/div>\n\t\t\t\t\t<\/div>\n\t\t<\/section>\n\t\t\t\t<section class=\"elementor-section elementor-top-section elementor-element elementor-element-51b2840 elementor-section-full_width elementor-section-height-default elementor-section-height-default\" data-id=\"51b2840\" data-element_type=\"section\" data-e-type=\"section\">\n\t\t\t\t\t\t<div class=\"elementor-container elementor-column-gap-default\">\n\t\t\t\t\t<div class=\"elementor-column elementor-col-100 elementor-top-column elementor-element elementor-element-a954305\" data-id=\"a954305\" data-element_type=\"column\" data-e-type=\"column\">\n\t\t\t<div class=\"elementor-widget-wrap elementor-element-populated\">\n\t\t\t\t\t\t<div class=\"elementor-element elementor-element-ec1a342 elementor-widget-divider--view-line elementor-widget elementor-widget-divider\" data-id=\"ec1a342\" data-element_type=\"widget\" data-e-type=\"widget\" data-widget_type=\"divider.default\">\n\t\t\t\t<div class=\"elementor-widget-container\">\n\t\t\t\t\t\t\t<div class=\"elementor-divider\">\n\t\t\t<span class=\"elementor-divider-separator\">\n\t\t\t\t\t\t<\/span>\n\t\t<\/div>\n\t\t\t\t\t\t<\/div>\n\t\t\t\t<\/div>\n\t\t\t\t\t<\/div>\n\t\t<\/div>\n\t\t\t\t\t<\/div>\n\t\t<\/section>\n\t\t\t\t<section class=\"elementor-section elementor-top-section elementor-element elementor-element-eed9852 elementor-section-boxed elementor-section-height-default elementor-section-height-default\" data-id=\"eed9852\" data-element_type=\"section\" data-e-type=\"section\">\n\t\t\t\t\t\t<div class=\"elementor-container elementor-column-gap-default\">\n\t\t\t\t\t<div class=\"elementor-column elementor-col-100 elementor-top-column elementor-element elementor-element-5317e4f\" data-id=\"5317e4f\" data-element_type=\"column\" data-e-type=\"column\">\n\t\t\t<div class=\"elementor-widget-wrap elementor-element-populated\">\n\t\t\t\t\t\t<div class=\"elementor-element elementor-element-c82854e elementor-widget elementor-widget-text-editor\" data-id=\"c82854e\" data-element_type=\"widget\" data-e-type=\"widget\" data-widget_type=\"text-editor.default\">\n\t\t\t\t<div class=\"elementor-widget-container\">\n\t\t\t\t\t\t\t\t\t<p style=\"text-align: justify;\"><span style=\"font-size: 12pt;\"><span style=\"text-decoration: underline;\"><strong>Para ter o seu exemplar digital completo<\/strong><\/span>, fa\u00e7a o pagamento, por dep\u00f3sito ou transfer\u00eancia para a conta abaixo:<\/span><\/p><p style=\"text-align: justify;\"><strong><span style=\"color: #ff0000;\">Banco Ita\u00fa<\/span><\/strong><br \/><span style=\"color: #ff0000;\">Ag.: 0271<\/span><br \/><span style=\"color: #ff0000;\">C\/C.: 09955-8<\/span><br \/><span style=\"color: #ff0000;\">CNPJ:\u00a042.103.481\/0001-00<\/span><br \/><strong><span style=\"color: #ff0000;\">Raz\u00e3o Social: Sociedade Psicanal\u00edtica do Rio de Janeiro <br \/><\/span><\/strong><span style=\"color: #ff0000;\">Valor: R$ 50,00<\/span><\/p><p>Em seguida envie o comprovante para o nosso e-mail sprj.rio1@sprj.org.br e em at\u00e9 24hs enviaremos um e-mail com link e senha para baixar a revista.<\/p><p style=\"text-align: center;\"><em><strong>N\u00e3o perca esta oportunidade!\u00a0<\/strong><\/em><\/p>\t\t\t\t\t\t\t\t<\/div>\n\t\t\t\t<\/div>\n\t\t\t\t\t<\/div>\n\t\t<\/div>\n\t\t\t\t\t<\/div>\n\t\t<\/section>\n\t\t\t\t<section class=\"elementor-section elementor-top-section elementor-element elementor-element-4d80c9d2 elementor-section-height-min-height elementor-section-content-top elementor-section-items-top elementor-section-full_width elementor-section-stretched elementor-section-height-default elementor-invisible\" data-id=\"4d80c9d2\" data-element_type=\"section\" data-e-type=\"section\" data-settings=\"{&quot;background_background&quot;:&quot;classic&quot;,&quot;animation&quot;:&quot;fadeInUp&quot;,&quot;stretch_section&quot;:&quot;section-stretched&quot;}\">\n\t\t\t\t\t\t<div class=\"elementor-container elementor-column-gap-default\">\n\t\t\t\t\t<div class=\"elementor-column elementor-col-33 elementor-top-column elementor-element elementor-element-7f690502\" data-id=\"7f690502\" data-element_type=\"column\" data-e-type=\"column\" data-settings=\"{&quot;background_background&quot;:&quot;classic&quot;}\">\n\t\t\t<div class=\"elementor-widget-wrap elementor-element-populated\">\n\t\t\t\t\t\t<div class=\"elementor-element elementor-element-151833d3 elementor-widget elementor-widget-heading\" data-id=\"151833d3\" data-element_type=\"widget\" data-e-type=\"widget\" data-widget_type=\"heading.default\">\n\t\t\t\t<div class=\"elementor-widget-container\">\n\t\t\t\t\t<h3 class=\"elementor-heading-title elementor-size-default\">Acompanhe-nos!<\/h3>\t\t\t\t<\/div>\n\t\t\t\t<\/div>\n\t\t\t\t<div class=\"elementor-element elementor-element-697832c0 elementor-shape-rounded elementor-grid-0 e-grid-align-center elementor-widget elementor-widget-social-icons\" data-id=\"697832c0\" data-element_type=\"widget\" data-e-type=\"widget\" data-widget_type=\"social-icons.default\">\n\t\t\t\t<div class=\"elementor-widget-container\">\n\t\t\t\t\t\t\t<div class=\"elementor-social-icons-wrapper elementor-grid\" role=\"list\">\n\t\t\t\t\t\t\t<span class=\"elementor-grid-item\" role=\"listitem\">\n\t\t\t\t\t<a class=\"elementor-icon elementor-social-icon elementor-social-icon-facebook elementor-animation-grow elementor-repeater-item-f398ff9\" href=\"https:\/\/www.facebook.com\/SociedadePsicanaliticaDoRioDeJaneiro\/?ref=bookmarks\" target=\"_blank\">\n\t\t\t\t\t\t<span class=\"elementor-screen-only\">Facebook<\/span>\n\t\t\t\t\t\t\t\t\t\t\t\t\t<i class=\"fa fa-facebook\" aria-hidden=\"true\"><\/i>\n\t\t\t\t\t\t\t\t\t\t\t<\/a>\n\t\t\t\t<\/span>\n\t\t\t\t\t\t\t<span class=\"elementor-grid-item\" role=\"listitem\">\n\t\t\t\t\t<a class=\"elementor-icon elementor-social-icon elementor-social-icon-youtube elementor-animation-grow elementor-repeater-item-3b6ccd8\" href=\"https:\/\/www.youtube.com\/channel\/UCacqqyvq-kx8yh0W_h_yGaA\" target=\"_blank\">\n\t\t\t\t\t\t<span class=\"elementor-screen-only\">Youtube<\/span>\n\t\t\t\t\t\t\t\t\t\t\t\t\t<i class=\"fa fa-youtube\" aria-hidden=\"true\"><\/i>\n\t\t\t\t\t\t\t\t\t\t\t<\/a>\n\t\t\t\t<\/span>\n\t\t\t\t\t\t\t<span class=\"elementor-grid-item\" role=\"listitem\">\n\t\t\t\t\t<a class=\"elementor-icon elementor-social-icon elementor-social-icon-instagram elementor-animation-grow elementor-repeater-item-da1432d\" target=\"_blank\">\n\t\t\t\t\t\t<span class=\"elementor-screen-only\">Instagram<\/span>\n\t\t\t\t\t\t\t\t\t\t\t\t\t<i class=\"fa fa-instagram\" aria-hidden=\"true\"><\/i>\n\t\t\t\t\t\t\t\t\t\t\t<\/a>\n\t\t\t\t<\/span>\n\t\t\t\t\t<\/div>\n\t\t\t\t\t\t<\/div>\n\t\t\t\t<\/div>\n\t\t\t\t\t<\/div>\n\t\t<\/div>\n\t\t\t\t<div class=\"elementor-column elementor-col-33 elementor-top-column elementor-element elementor-element-4b02313b\" data-id=\"4b02313b\" data-element_type=\"column\" data-e-type=\"column\" data-settings=\"{&quot;background_background&quot;:&quot;classic&quot;}\">\n\t\t\t<div class=\"elementor-widget-wrap elementor-element-populated\">\n\t\t\t\t\t\t<div class=\"elementor-element elementor-element-62fdbd11 elementor-icon-list--layout-traditional elementor-list-item-link-full_width elementor-widget elementor-widget-icon-list\" data-id=\"62fdbd11\" data-element_type=\"widget\" data-e-type=\"widget\" data-widget_type=\"icon-list.default\">\n\t\t\t\t<div class=\"elementor-widget-container\">\n\t\t\t\t\t\t\t<ul class=\"elementor-icon-list-items\">\n\t\t\t\t\t\t\t<li class=\"elementor-icon-list-item\">\n\t\t\t\t\t\t\t\t\t\t\t<span class=\"elementor-icon-list-icon\">\n\t\t\t\t\t\t\t\t\t\t\t\t\t\t\t\t<i class=\"fa fa-building\" aria-hidden=\"true\"><\/i>\n\t\t\t\t\t\t\t\t\t\t\t\t\t<\/span>\n\t\t\t\t\t\t\t\t\t\t<span class=\"elementor-icon-list-text\">Rua Fernandes Guimar\u00e3es, 92 - Botafogo - RJ<\/span>\n\t\t\t\t\t\t\t\t\t<\/li>\n\t\t\t\t\t\t\t\t<li class=\"elementor-icon-list-item\">\n\t\t\t\t\t\t\t\t\t\t\t<span class=\"elementor-icon-list-icon\">\n\t\t\t\t\t\t\t\t\t\t\t\t\t\t\t\t<i class=\"fa fa-phone\" aria-hidden=\"true\"><\/i>\n\t\t\t\t\t\t\t\t\t\t\t\t\t<\/span>\n\t\t\t\t\t\t\t\t\t\t<span class=\"elementor-icon-list-text\">(21) 2543-4998 \/ 2295-3148<\/span>\n\t\t\t\t\t\t\t\t\t<\/li>\n\t\t\t\t\t\t\t\t<li class=\"elementor-icon-list-item\">\n\t\t\t\t\t\t\t\t\t\t\t<span class=\"elementor-icon-list-icon\">\n\t\t\t\t\t\t\t\t\t\t\t\t\t\t\t\t<i class=\"fa fa-at\" aria-hidden=\"true\"><\/i>\n\t\t\t\t\t\t\t\t\t\t\t\t\t<\/span>\n\t\t\t\t\t\t\t\t\t\t<span class=\"elementor-icon-list-text\">sprj@sprj.org.br<\/span>\n\t\t\t\t\t\t\t\t\t<\/li>\n\t\t\t\t\t\t\t\t<li class=\"elementor-icon-list-item\">\n\t\t\t\t\t\t\t\t\t\t\t<span class=\"elementor-icon-list-icon\">\n\t\t\t\t\t\t\t\t\t\t\t\t\t\t\t\t<i class=\"fa fa-subway\" aria-hidden=\"true\"><\/i>\n\t\t\t\t\t\t\t\t\t\t\t\t\t<\/span>\n\t\t\t\t\t\t\t\t\t\t<span class=\"elementor-icon-list-text\">Proximo ao metr\u00f4 de Botafogo<\/span>\n\t\t\t\t\t\t\t\t\t<\/li>\n\t\t\t\t\t\t<\/ul>\n\t\t\t\t\t\t<\/div>\n\t\t\t\t<\/div>\n\t\t\t\t\t<\/div>\n\t\t<\/div>\n\t\t\t\t<div class=\"elementor-column elementor-col-33 elementor-top-column elementor-element elementor-element-56271574\" data-id=\"56271574\" data-element_type=\"column\" data-e-type=\"column\" data-settings=\"{&quot;background_background&quot;:&quot;classic&quot;}\">\n\t\t\t<div class=\"elementor-widget-wrap elementor-element-populated\">\n\t\t\t\t\t\t<div class=\"elementor-element elementor-element-96cd649 elementor-widget elementor-widget-google_maps\" data-id=\"96cd649\" data-element_type=\"widget\" data-e-type=\"widget\" data-widget_type=\"google_maps.default\">\n\t\t\t\t<div class=\"elementor-widget-container\">\n\t\t\t\t\t\t\t<div class=\"elementor-custom-embed\">\n\t\t\t<iframe loading=\"lazy\"\n\t\t\t\t\tsrc=\"https:\/\/maps.google.com\/maps?q=Rua%20fernandes%20guimaraes%2C92%20botafogo%20rj&#038;t=m&#038;z=17&#038;output=embed&#038;iwloc=near\"\n\t\t\t\t\ttitle=\"Rua fernandes guimaraes,92 botafogo rj\"\n\t\t\t\t\taria-label=\"Rua fernandes guimaraes,92 botafogo rj\"\n\t\t\t><\/iframe>\n\t\t<\/div>\n\t\t\t\t\t\t<\/div>\n\t\t\t\t<\/div>\n\t\t\t\t\t<\/div>\n\t\t<\/div>\n\t\t\t\t\t<\/div>\n\t\t<\/section>\n\t\t\t\t<\/div>\n\t\t","protected":false},"excerpt":{"rendered":"<p>\u00c9 com muita satisfa\u00e7\u00e3o que iniciamos este ano de 2021 disponibilizando a nova edi\u00e7\u00e3o da Revista Psicanal\u00edtica &#8211; \u00d3rg\u00e3o Oficial da Sociedade Psicanal\u00edtica do Rio de Janeiro, com o tema DISSEMINA\u00c7\u00d5ES. Organizada com o intuito de buscar caminhos e ferramentas atrav\u00e9s do conhecimento psicanal\u00edtico para o enfrentamento desta pandemia. Fruto de uma Sociedade viva, que &#8230; <a title=\"Revista\" class=\"read-more\" href=\"https:\/\/sprj.org.br\/site\/revista\/\" aria-label=\"More on Revista\">Ler mais&#8230;<\/a><\/p>\n","protected":false},"author":1,"featured_media":0,"parent":0,"menu_order":0,"comment_status":"closed","ping_status":"closed","template":"","meta":{"_acf_changed":false,"generate_page_header":"","footnotes":""},"class_list":["post-3239","page","type-page","status-publish"],"acf":[],"_links":{"self":[{"href":"https:\/\/sprj.org.br\/site\/wp-json\/wp\/v2\/pages\/3239","targetHints":{"allow":["GET"]}}],"collection":[{"href":"https:\/\/sprj.org.br\/site\/wp-json\/wp\/v2\/pages"}],"about":[{"href":"https:\/\/sprj.org.br\/site\/wp-json\/wp\/v2\/types\/page"}],"author":[{"embeddable":true,"href":"https:\/\/sprj.org.br\/site\/wp-json\/wp\/v2\/users\/1"}],"replies":[{"embeddable":true,"href":"https:\/\/sprj.org.br\/site\/wp-json\/wp\/v2\/comments?post=3239"}],"version-history":[{"count":37,"href":"https:\/\/sprj.org.br\/site\/wp-json\/wp\/v2\/pages\/3239\/revisions"}],"predecessor-version":[{"id":3286,"href":"https:\/\/sprj.org.br\/site\/wp-json\/wp\/v2\/pages\/3239\/revisions\/3286"}],"wp:attachment":[{"href":"https:\/\/sprj.org.br\/site\/wp-json\/wp\/v2\/media?parent=3239"}],"curies":[{"name":"wp","href":"https:\/\/api.w.org\/{rel}","templated":true}]}}