{"id":137,"date":"2018-02-19T20:13:35","date_gmt":"2018-02-19T23:13:35","guid":{"rendered":"http:\/\/localhost\/sprjwp\/?page_id=137"},"modified":"2020-03-04T21:16:52","modified_gmt":"2020-03-05T00:16:52","slug":"formacao","status":"publish","type":"page","link":"https:\/\/sprj.org.br\/site\/formacao\/","title":{"rendered":"Forma\u00e7\u00e3o"},"content":{"rendered":"\t\t<div data-elementor-type=\"wp-post\" data-elementor-id=\"137\" class=\"elementor elementor-137\" data-elementor-post-type=\"page\">\n\t\t\t\t\t\t<section class=\"elementor-section elementor-top-section elementor-element elementor-element-893c481 elementor-section-boxed elementor-section-height-default elementor-section-height-default\" data-id=\"893c481\" data-element_type=\"section\" data-e-type=\"section\">\n\t\t\t\t\t\t<div class=\"elementor-container elementor-column-gap-default\">\n\t\t\t\t\t<div class=\"elementor-column elementor-col-100 elementor-top-column elementor-element elementor-element-265f822\" data-id=\"265f822\" data-element_type=\"column\" data-e-type=\"column\">\n\t\t\t<div class=\"elementor-widget-wrap elementor-element-populated\">\n\t\t\t\t\t\t<div class=\"elementor-element elementor-element-bf2eebd elementor-widget elementor-widget-spacer\" data-id=\"bf2eebd\" data-element_type=\"widget\" data-e-type=\"widget\" data-widget_type=\"spacer.default\">\n\t\t\t\t<div class=\"elementor-widget-container\">\n\t\t\t\t\t\t\t<div class=\"elementor-spacer\">\n\t\t\t<div class=\"elementor-spacer-inner\"><\/div>\n\t\t<\/div>\n\t\t\t\t\t\t<\/div>\n\t\t\t\t<\/div>\n\t\t\t\t\t<\/div>\n\t\t<\/div>\n\t\t\t\t\t<\/div>\n\t\t<\/section>\n\t\t\t\t<section class=\"elementor-section elementor-top-section elementor-element elementor-element-44ad78f elementor-section-boxed elementor-section-height-default elementor-section-height-default\" data-id=\"44ad78f\" data-element_type=\"section\" data-e-type=\"section\">\n\t\t\t\t\t\t<div class=\"elementor-container elementor-column-gap-default\">\n\t\t\t\t\t<div class=\"elementor-column elementor-col-100 elementor-top-column elementor-element elementor-element-21e3e96\" data-id=\"21e3e96\" data-element_type=\"column\" data-e-type=\"column\">\n\t\t\t<div class=\"elementor-widget-wrap elementor-element-populated\">\n\t\t\t\t\t\t<div class=\"elementor-element elementor-element-3863b62 elementor-invisible elementor-widget elementor-widget-text-editor\" data-id=\"3863b62\" data-element_type=\"widget\" data-e-type=\"widget\" data-settings=\"{&quot;_animation&quot;:&quot;fadeInUp&quot;}\" data-widget_type=\"text-editor.default\">\n\t\t\t\t<div class=\"elementor-widget-container\">\n\t\t\t\t\t\t\t\t\t<p>A <em>International Psichoanalytical Association<\/em> \u00e9 a institui\u00e7\u00e3o criada para preservar e difundir o ensino e pr\u00e1tica da psican\u00e1lise pelo mundo. Estabelece par\u00e2metros b\u00e1sicos que primam pela excel\u00eancia da qualidade da forma\u00e7\u00e3o de novos analistas.<\/p><p>A IPA forma uma rede de 12.770 analistas e 5.237 analistas em forma\u00e7\u00e3o (candidatos), contemplando a diversidade de vis\u00f5es psicanal\u00edticas e culturais, com constante intera\u00e7\u00e3o e trocas cient\u00edficas.<\/p><p>A SPRJ, sociedade filiada \u00e0 IPA, foi fundada em 1955 e \u00e9 a segunda mais antiga do Brasil. Oferece forma\u00e7\u00e3o em psican\u00e1lise para m\u00e9dicos e psic\u00f3logos que desejem se dedicar ao estudo e pr\u00e1tica da psican\u00e1lise.<\/p><p>A forma\u00e7\u00e3o oferecida pela SPRJ se caracteriza pelo consistente estudo da obra de Freud e dos demais importantes autores psicanal\u00edticos, dando a oportunidade ao aluno de conhecer as diversas vis\u00f5es que coexistem na psican\u00e1lise.<\/p><p>A forma\u00e7\u00e3o estrutura-se em tr\u00eas eixos b\u00e1sicos da transmiss\u00e3o da psican\u00e1lise: a an\u00e1lise pessoal feita com um analista didata da SPRJ, os semin\u00e1rios te\u00f3ricos e cl\u00ednicos durante 5 anos e, por fim, a supervis\u00e3o de dois casos cl\u00ednicos, realizada por um psicanalista didata da SPRJ.<\/p><p>A an\u00e1lise pessoal possibilita a compreens\u00e3o e o aprofundamento do mundo interno. \u00c9 fundamental para a pr\u00e1tica cl\u00ednica. As supervis\u00f5es e os semin\u00e1rios cl\u00ednicos visam aprimorar a escuta do analista em forma\u00e7\u00e3o, que \u00e9 o grande diferencial da psican\u00e1lise. Ao longo da forma\u00e7\u00e3o s\u00e3o feitas 150 horas de supervis\u00e3o em pelo menos dois casos cl\u00ednicos que s\u00e3o acompanhados por dois supervisores diferentes, proporcionando ao aluno apreender diferentes formas de trabalhar clinicamente.<\/p><p>Durante a forma\u00e7\u00e3o, o aluno tem a oportunidade de se aprofundar cientificamente, produzir trabalhos anuais, apresenta-los internamente e tamb\u00e9m em Congressos, al\u00e9m de poder publica-los em revistas cient\u00edficas. Al\u00e9m desses tr\u00eas eixos, podemos falar do quarto eixo da forma\u00e7\u00e3o que \u00e9 o envolvimento institucional, que insere o candidato (a psicanalista) numa ampla rede de trocas entre colegas das diversas institui\u00e7\u00f5es ligadas \u00e0 IPA.<\/p><p>O Processo de Sele\u00e7\u00e3o:<\/p><p>Os interessados devem se inscrever na secretaria da Sociedade Psicanal\u00edtica do Rio de Janeiro. Tel: 2543-4998<\/p><p>A Sele\u00e7\u00e3o \u00e9 conduzida por uma comiss\u00e3o espec\u00edfica que encaminhar\u00e1 o candidato para fazer entrevistas com tr\u00eas analistas da SPRJ que ser\u00e3o respons\u00e1veis pelo aceite do candidato.<\/p>\t\t\t\t\t\t\t\t<\/div>\n\t\t\t\t<\/div>\n\t\t\t\t\t<\/div>\n\t\t<\/div>\n\t\t\t\t\t<\/div>\n\t\t<\/section>\n\t\t\t\t<section class=\"elementor-section elementor-top-section elementor-element elementor-element-7a745e6a elementor-section-height-min-height elementor-section-content-top elementor-section-items-top elementor-section-full_width elementor-section-height-default elementor-invisible\" data-id=\"7a745e6a\" data-element_type=\"section\" data-e-type=\"section\" data-settings=\"{&quot;background_background&quot;:&quot;classic&quot;,&quot;animation&quot;:&quot;fadeInUp&quot;}\">\n\t\t\t\t\t\t<div class=\"elementor-container elementor-column-gap-default\">\n\t\t\t\t\t<div class=\"elementor-column elementor-col-33 elementor-top-column elementor-element elementor-element-79ebe45c\" data-id=\"79ebe45c\" data-element_type=\"column\" data-e-type=\"column\" data-settings=\"{&quot;background_background&quot;:&quot;classic&quot;}\">\n\t\t\t<div class=\"elementor-widget-wrap elementor-element-populated\">\n\t\t\t\t\t\t<div class=\"elementor-element elementor-element-732e4fdd elementor-widget elementor-widget-heading\" data-id=\"732e4fdd\" data-element_type=\"widget\" data-e-type=\"widget\" data-widget_type=\"heading.default\">\n\t\t\t\t<div class=\"elementor-widget-container\">\n\t\t\t\t\t<h3 class=\"elementor-heading-title elementor-size-default\">Acompanhe-nos!<\/h3>\t\t\t\t<\/div>\n\t\t\t\t<\/div>\n\t\t\t\t<div class=\"elementor-element elementor-element-397f42f1 elementor-shape-rounded elementor-grid-0 e-grid-align-center elementor-widget elementor-widget-social-icons\" data-id=\"397f42f1\" data-element_type=\"widget\" data-e-type=\"widget\" data-widget_type=\"social-icons.default\">\n\t\t\t\t<div class=\"elementor-widget-container\">\n\t\t\t\t\t\t\t<div class=\"elementor-social-icons-wrapper elementor-grid\" role=\"list\">\n\t\t\t\t\t\t\t<span class=\"elementor-grid-item\" role=\"listitem\">\n\t\t\t\t\t<a class=\"elementor-icon elementor-social-icon elementor-social-icon-facebook elementor-animation-grow elementor-repeater-item-f398ff9\" href=\"https:\/\/www.facebook.com\/SociedadePsicanaliticaDoRioDeJaneiro\/?ref=bookmarks\" target=\"_blank\">\n\t\t\t\t\t\t<span class=\"elementor-screen-only\">Facebook<\/span>\n\t\t\t\t\t\t\t\t\t\t\t\t\t<i class=\"fa fa-facebook\" aria-hidden=\"true\"><\/i>\n\t\t\t\t\t\t\t\t\t\t\t<\/a>\n\t\t\t\t<\/span>\n\t\t\t\t\t\t\t<span class=\"elementor-grid-item\" role=\"listitem\">\n\t\t\t\t\t<a class=\"elementor-icon elementor-social-icon elementor-social-icon-youtube elementor-animation-grow elementor-repeater-item-3b6ccd8\" href=\"https:\/\/www.youtube.com\/channel\/UCacqqyvq-kx8yh0W_h_yGaA\" target=\"_blank\">\n\t\t\t\t\t\t<span class=\"elementor-screen-only\">Youtube<\/span>\n\t\t\t\t\t\t\t\t\t\t\t\t\t<i class=\"fa fa-youtube\" aria-hidden=\"true\"><\/i>\n\t\t\t\t\t\t\t\t\t\t\t<\/a>\n\t\t\t\t<\/span>\n\t\t\t\t\t\t\t<span class=\"elementor-grid-item\" role=\"listitem\">\n\t\t\t\t\t<a class=\"elementor-icon elementor-social-icon elementor-social-icon-instagram elementor-animation-grow elementor-repeater-item-da1432d\" target=\"_blank\">\n\t\t\t\t\t\t<span class=\"elementor-screen-only\">Instagram<\/span>\n\t\t\t\t\t\t\t\t\t\t\t\t\t<i class=\"fa fa-instagram\" aria-hidden=\"true\"><\/i>\n\t\t\t\t\t\t\t\t\t\t\t<\/a>\n\t\t\t\t<\/span>\n\t\t\t\t\t<\/div>\n\t\t\t\t\t\t<\/div>\n\t\t\t\t<\/div>\n\t\t\t\t\t<\/div>\n\t\t<\/div>\n\t\t\t\t<div class=\"elementor-column elementor-col-33 elementor-top-column elementor-element elementor-element-73fffaf0\" data-id=\"73fffaf0\" data-element_type=\"column\" data-e-type=\"column\" data-settings=\"{&quot;background_background&quot;:&quot;classic&quot;}\">\n\t\t\t<div class=\"elementor-widget-wrap elementor-element-populated\">\n\t\t\t\t\t\t<div class=\"elementor-element elementor-element-85627ce elementor-icon-list--layout-traditional elementor-list-item-link-full_width elementor-widget elementor-widget-icon-list\" data-id=\"85627ce\" data-element_type=\"widget\" data-e-type=\"widget\" data-widget_type=\"icon-list.default\">\n\t\t\t\t<div class=\"elementor-widget-container\">\n\t\t\t\t\t\t\t<ul class=\"elementor-icon-list-items\">\n\t\t\t\t\t\t\t<li class=\"elementor-icon-list-item\">\n\t\t\t\t\t\t\t\t\t\t\t<span class=\"elementor-icon-list-icon\">\n\t\t\t\t\t\t\t\t\t\t\t\t\t\t\t\t<i class=\"fa fa-building\" aria-hidden=\"true\"><\/i>\n\t\t\t\t\t\t\t\t\t\t\t\t\t<\/span>\n\t\t\t\t\t\t\t\t\t\t<span class=\"elementor-icon-list-text\">Rua Fernandes Guimar\u00e3es, 92 - Botafogo - RJ<\/span>\n\t\t\t\t\t\t\t\t\t<\/li>\n\t\t\t\t\t\t\t\t<li class=\"elementor-icon-list-item\">\n\t\t\t\t\t\t\t\t\t\t\t<span class=\"elementor-icon-list-icon\">\n\t\t\t\t\t\t\t\t\t\t\t\t\t\t\t\t<i class=\"fa fa-phone\" aria-hidden=\"true\"><\/i>\n\t\t\t\t\t\t\t\t\t\t\t\t\t<\/span>\n\t\t\t\t\t\t\t\t\t\t<span class=\"elementor-icon-list-text\">(21) 2543-4998 \/ 2295-3148<\/span>\n\t\t\t\t\t\t\t\t\t<\/li>\n\t\t\t\t\t\t\t\t<li class=\"elementor-icon-list-item\">\n\t\t\t\t\t\t\t\t\t\t\t<span class=\"elementor-icon-list-icon\">\n\t\t\t\t\t\t\t\t\t\t\t\t\t\t\t\t<i class=\"fa fa-at\" aria-hidden=\"true\"><\/i>\n\t\t\t\t\t\t\t\t\t\t\t\t\t<\/span>\n\t\t\t\t\t\t\t\t\t\t<span class=\"elementor-icon-list-text\">sprj@sprj.org.br<\/span>\n\t\t\t\t\t\t\t\t\t<\/li>\n\t\t\t\t\t\t\t\t<li class=\"elementor-icon-list-item\">\n\t\t\t\t\t\t\t\t\t\t\t<span class=\"elementor-icon-list-icon\">\n\t\t\t\t\t\t\t\t\t\t\t\t\t\t\t\t<i class=\"fa fa-subway\" aria-hidden=\"true\"><\/i>\n\t\t\t\t\t\t\t\t\t\t\t\t\t<\/span>\n\t\t\t\t\t\t\t\t\t\t<span class=\"elementor-icon-list-text\">Proximo ao metr\u00f4 de Botafogo<\/span>\n\t\t\t\t\t\t\t\t\t<\/li>\n\t\t\t\t\t\t<\/ul>\n\t\t\t\t\t\t<\/div>\n\t\t\t\t<\/div>\n\t\t\t\t\t<\/div>\n\t\t<\/div>\n\t\t\t\t<div class=\"elementor-column elementor-col-33 elementor-top-column elementor-element elementor-element-2f046183\" data-id=\"2f046183\" data-element_type=\"column\" data-e-type=\"column\" data-settings=\"{&quot;background_background&quot;:&quot;classic&quot;}\">\n\t\t\t<div class=\"elementor-widget-wrap elementor-element-populated\">\n\t\t\t\t\t\t<div class=\"elementor-element elementor-element-5401cc7d elementor-widget elementor-widget-google_maps\" data-id=\"5401cc7d\" data-element_type=\"widget\" data-e-type=\"widget\" data-widget_type=\"google_maps.default\">\n\t\t\t\t<div class=\"elementor-widget-container\">\n\t\t\t\t\t\t\t<div class=\"elementor-custom-embed\">\n\t\t\t<iframe loading=\"lazy\"\n\t\t\t\t\tsrc=\"https:\/\/maps.google.com\/maps?q=Rua%20fernandes%20guimaraes%2C92%20botafogo%20rj&#038;t=m&#038;z=17&#038;output=embed&#038;iwloc=near\"\n\t\t\t\t\ttitle=\"Rua fernandes guimaraes,92 botafogo rj\"\n\t\t\t\t\taria-label=\"Rua fernandes guimaraes,92 botafogo rj\"\n\t\t\t><\/iframe>\n\t\t<\/div>\n\t\t\t\t\t\t<\/div>\n\t\t\t\t<\/div>\n\t\t\t\t\t<\/div>\n\t\t<\/div>\n\t\t\t\t\t<\/div>\n\t\t<\/section>\n\t\t\t\t<\/div>\n\t\t","protected":false},"excerpt":{"rendered":"<p>A International Psichoanalytical Association \u00e9 a institui\u00e7\u00e3o criada para preservar e difundir o ensino e pr\u00e1tica da psican\u00e1lise pelo mundo. Estabelece par\u00e2metros b\u00e1sicos que primam pela excel\u00eancia da qualidade da forma\u00e7\u00e3o de novos analistas. A IPA forma uma rede de 12.770 analistas e 5.237 analistas em forma\u00e7\u00e3o (candidatos), contemplando a diversidade de vis\u00f5es psicanal\u00edticas e &#8230; <a title=\"Forma\u00e7\u00e3o\" class=\"read-more\" href=\"https:\/\/sprj.org.br\/site\/formacao\/\" aria-label=\"More on Forma\u00e7\u00e3o\">Ler mais&#8230;<\/a><\/p>\n","protected":false},"author":1,"featured_media":0,"parent":0,"menu_order":0,"comment_status":"closed","ping_status":"closed","template":"","meta":{"_acf_changed":false,"generate_page_header":"","footnotes":""},"class_list":["post-137","page","type-page","status-publish"],"acf":[],"_links":{"self":[{"href":"https:\/\/sprj.org.br\/site\/wp-json\/wp\/v2\/pages\/137","targetHints":{"allow":["GET"]}}],"collection":[{"href":"https:\/\/sprj.org.br\/site\/wp-json\/wp\/v2\/pages"}],"about":[{"href":"https:\/\/sprj.org.br\/site\/wp-json\/wp\/v2\/types\/page"}],"author":[{"embeddable":true,"href":"https:\/\/sprj.org.br\/site\/wp-json\/wp\/v2\/users\/1"}],"replies":[{"embeddable":true,"href":"https:\/\/sprj.org.br\/site\/wp-json\/wp\/v2\/comments?post=137"}],"version-history":[{"count":50,"href":"https:\/\/sprj.org.br\/site\/wp-json\/wp\/v2\/pages\/137\/revisions"}],"predecessor-version":[{"id":2539,"href":"https:\/\/sprj.org.br\/site\/wp-json\/wp\/v2\/pages\/137\/revisions\/2539"}],"wp:attachment":[{"href":"https:\/\/sprj.org.br\/site\/wp-json\/wp\/v2\/media?parent=137"}],"curies":[{"name":"wp","href":"https:\/\/api.w.org\/{rel}","templated":true}]}}